{"id":663,"date":"2023-01-04T16:26:00","date_gmt":"2023-01-04T16:26:00","guid":{"rendered":"https:\/\/www.paberaombra.com\/?page_id=663"},"modified":"2023-01-17T11:55:41","modified_gmt":"2023-01-17T11:55:41","slug":"politica-de-privacidad","status":"publish","type":"page","link":"https:\/\/paberaombra.com\/fr\/politica-de-privacidad\/","title":{"rendered":"Pol\u00edtica de privacidad"},"content":{"rendered":"<div data-elementor-type=\"wp-page\" data-elementor-id=\"663\" class=\"elementor elementor-663\" data-elementor-post-type=\"page\">\n\t\t\t\t\t\t<section class=\"elementor-section elementor-top-section elementor-element elementor-element-eb9ec85 elementor-section-boxed elementor-section-height-default elementor-section-height-default\" data-id=\"eb9ec85\" data-element_type=\"section\">\n\t\t\t\t\t\t<div class=\"elementor-container elementor-column-gap-default\">\n\t\t\t\t\t<div class=\"elementor-column elementor-col-100 elementor-top-column elementor-element elementor-element-1331891\" data-id=\"1331891\" data-element_type=\"column\">\n\t\t\t<div class=\"elementor-widget-wrap\">\n\t\t\t\t\t\t\t<\/div>\n\t\t<\/div>\n\t\t\t\t\t<\/div>\n\t\t<\/section>\n\t\t\t\t<section class=\"elementor-section elementor-top-section elementor-element elementor-element-e41a4b9 elementor-section-boxed elementor-section-height-default elementor-section-height-default\" data-id=\"e41a4b9\" data-element_type=\"section\">\n\t\t\t\t\t\t<div class=\"elementor-container elementor-column-gap-default\">\n\t\t\t\t\t<div class=\"elementor-column elementor-col-100 elementor-top-column elementor-element elementor-element-3e9778b\" data-id=\"3e9778b\" data-element_type=\"column\">\n\t\t\t<div class=\"elementor-widget-wrap elementor-element-populated\">\n\t\t\t\t\t\t<div class=\"elementor-element elementor-element-5d11896 de_scroll_animation_no elementor-widget elementor-widget-text-editor\" data-id=\"5d11896\" data-element_type=\"widget\" data-widget_type=\"text-editor.default\">\n\t\t\t\t<div class=\"elementor-widget-container\">\n\t\t\t\t\t\t\t\t\t<h3>POLITIQUE DE CONFIDENTIALIT\u00c9<\/h3>\n<p>Derni\u00e8re mise \u00e0 jour : janvier 2023.<\/p>\n<p><strong>1.&nbsp;INFORMACI\u00d3N AL USUARIO<\/strong><\/p>\n<p>PABERA OMBRA, S.L., en tant que responsable du traitement, vous informe que, conform\u00e9ment aux dispositions du r\u00e8glement (UE) 2016\/679 du 27 avril (RGPD) et de la L.O. 3\/2018, du 5 d\u00e9cembre, protection des donn\u00e9es et garantie des droits num\u00e9riques (LOPDGDD), nous traiterons vos donn\u00e9es comme indiqu\u00e9 dans la pr\u00e9sente politique de confidentialit\u00e9.<\/p>\n<p>Dans cette politique de confidentialit\u00e9, nous d\u00e9crivons comment nous collectons vos donn\u00e9es personnelles et pourquoi nous les collectons, ce que nous en faisons, avec qui nous les partageons, comment nous les prot\u00e9geons et vos choix concernant le traitement de vos donn\u00e9es personnelles.<\/p>\n<p>Cette politique s'applique au traitement de vos donn\u00e9es personnelles collect\u00e9es par la soci\u00e9t\u00e9 pour la fourniture de ses services. Si vous acceptez les mesures de cette politique, vous acceptez que nous traitions vos donn\u00e9es personnelles comme d\u00e9fini dans cette politique.<\/p>\n<p><strong>2. NOUS CONTACTER<\/strong><\/p>\n<p><strong>Raison sociale:<\/strong> PABERA OMBRA, S.L.<br><strong>Nom commercial:<\/strong> PABERA OMBRA<br><strong>CIF:<\/strong> B02746816<br><strong>Adresse:<\/strong> Cam\u00ed del Gremi de Sucrers i Candelers, 14 Pol. Ind. Son Castell\u00f3 07009 Palma de Mallorca (Espagne)<br><strong>Courrier \u00e9lectronique:<\/strong> info.baleares@paberaombra.com<\/p>\n<p><strong>3. PRINCIPES CL\u00c9S<\/strong><\/p>\n<p>Nous nous sommes toujours engag\u00e9s \u00e0 fournir nos services avec le plus haut degr\u00e9 de qualit\u00e9, ce qui inclut le traitement de vos donn\u00e9es avec s\u00e9curit\u00e9 et transparence. Nos principes sont :<\/p>\n<ul>\n<li><strong>L\u00e9galit\u00e9<\/strong>: Solo recopilaremos sus Datos personales para fines espec\u00edficos,&nbsp;expl\u00edcitos y leg\u00edtimos.<\/li>\n<li><strong>Minimisation des donn\u00e9es<\/strong>: Nous limitons la collecte des donn\u00e9es personnelles \u00e0 ce qui est strictement pertinent et n\u00e9cessaire au regard des finalit\u00e9s pour lesquelles elles ont \u00e9t\u00e9 collect\u00e9es.<\/li>\n<li><strong>Limitation de l'objectif<\/strong>: Nous ne collecterons vos donn\u00e9es personnelles qu'aux fins indiqu\u00e9es et uniquement selon vos souhaits.<\/li>\n<li><strong>Pr\u00e9cision<\/strong>: Nous garderons vos donn\u00e9es personnelles exactes et \u00e0 jour.<\/li>\n<li><strong>S\u00e9curit\u00e9 des donn\u00e9es<\/strong>: Nous appliquons des mesures techniques et organisationnelles appropri\u00e9es proportionnelles aux risques pour garantir que vos donn\u00e9es ne soient pas endommag\u00e9es, telles que la divulgation ou l'acc\u00e8s non autoris\u00e9, la destruction accidentelle ou illicite ou la perte ou l'alt\u00e9ration accidentelle et toute autre forme de traitement illicite.<\/li>\n<li><strong>Acc\u00e8s et rectification<\/strong>: Nous mettons \u00e0 votre disposition les moyens d'acc\u00e9der ou de rectifier vos donn\u00e9es lorsque vous le jugez opportun.<\/li>\n<li><strong>Conservation<\/strong>: Nous conservons vos donn\u00e9es personnelles de mani\u00e8re licite et appropri\u00e9e et uniquement le temps n\u00e9cessaire aux finalit\u00e9s pour lesquelles elles ont \u00e9t\u00e9 collect\u00e9es.<\/li>\n<li><strong>Virements internationaux<\/strong>: cuando se d\u00e9 el caso de que sus datos vayan a ser transferidos fuera de la UE\/EEE se proteger\u00e1n adecuadamente.<\/li>\n<li><strong>Tiers<\/strong>: L'acc\u00e8s et le transfert des donn\u00e9es personnelles \u00e0 des tiers s'effectuent dans le respect des lois et r\u00e8glements applicables et avec les garanties contractuelles appropri\u00e9es.<\/li>\n<li><strong>Marketing direct et cookies<\/strong>: Cumplimos con la legislaci\u00f3n aplicable en materia de publicidad y cookies.<\/li>\n<\/ul>\n<div>&nbsp;<\/div>\n<p><strong>4. COLLECTE ET TRAITEMENT DE VOS DONNEES PERSONNELLES<\/strong><br>Les types de donn\u00e9es qui peuvent \u00eatre demand\u00e9es et trait\u00e9es sont :<\/p>\n<ul>\n<li>Donn\u00e9es d'identification.<\/li>\n<\/ul>\n<p>Tambi\u00e9n recogemos de forma autom\u00e1tica datos sobre su visita a nuestro sitio web&nbsp; seg\u00fan se describe en la pol\u00edtica de cookies.<\/p>\n<p>Chaque fois que nous demanderons vos donn\u00e9es personnelles, nous vous informerons clairement des donn\u00e9es personnelles que nous collectons et dans quel but. De mani\u00e8re g\u00e9n\u00e9rale, nous collectons et traitons vos donn\u00e9es personnelles dans le but de :<\/p>\n<ul>\n<li>Fournir des informations, des services, des produits, des informations pertinentes et des nouvelles dans le secteur.<\/li>\n<li>Envoi de communications.<\/li>\n<\/ul>\n<div>&nbsp;<\/div>\n<p><strong>5. L\u00c9GITIMIT\u00c9<\/strong><\/p>\n<p>Conform\u00e9ment \u00e0 la r\u00e9glementation applicable en mati\u00e8re de protection des donn\u00e9es, vos donn\u00e9es personnelles peuvent \u00eatre trait\u00e9es \u00e0 condition que:<\/p>\n<ul>\n<li>Vous nous avez donn\u00e9 votre consentement aux fins de traitement. Bien entendu, vous pouvez retirer votre consentement \u00e0 tout moment.<\/li>\n<li>Par obligation l\u00e9gale.<\/li>\n<li>Parce qu'il existe un int\u00e9r\u00eat l\u00e9gitime qui n'est pas mis en cause par vos droits \u00e0 la vie priv\u00e9e, comme l'envoi d'informations commerciales soit en vous inscrivant \u00e0 notre newsletter, soit en \u00e9tant client.<\/li>\n<li>Parce qu'il est n\u00e9cessaire \u00e0 la fourniture de l'un de nos services par le biais d'une relation contractuelle entre vous et nous.<\/li>\n<\/ul>\n<div>&nbsp;<\/div>\n<p><strong>6. COMMUNICATION DES DONNEES PERSONNELLES<\/strong><\/p>\n<p>Los datos pueden ser comunicados a empresas relacionadas con&nbsp;Pabera Ombra, S.L.&nbsp;para la prestaci\u00f3n de los diversos servicios en calidad de Encargados del Tratamiento. La empresa no realizar\u00e1 ninguna cesi\u00f3n, salvo por obligaci\u00f3n legal.<\/p>\n<p><strong>7. VOS DROITS<\/strong><\/p>\n<p>Dans le cadre de la collecte et du traitement de vos donn\u00e9es personnelles, vous pouvez nous contacter \u00e0 tout moment pour :<\/p>\n<ul>\n<li>Acceder a sus datos personales y a cualquier otra&nbsp;informaci\u00f3n indicada en el Art\u00edculo 15.1 del RGPD.<\/li>\n<li>Rectifier vos donn\u00e9es personnelles inexactes ou incompl\u00e8tes conform\u00e9ment \u00e0 l'article 16 du RGPD.<\/li>\n<li>Supprimer vos donn\u00e9es personnelles conform\u00e9ment \u00e0 l'article 17 du RGPD.<\/li>\n<li>Limitez le traitement de vos donn\u00e9es personnelles conform\u00e9ment \u00e0 l'article 18 du RGPD.<\/li>\n<li class=\"translation-block\">Demander la portabilit\u00e9 de vos donn\u00e9es conform\u00e9ment \u00e0 l'article 20 du RGPD.<\/li>\n<li>Vous opposer au traitement de vos donn\u00e9es personnelles conform\u00e9ment \u00e0 l'article 21 du RGPD.<\/li>\n<\/ul>\n<p class=\"translation-block\">Si vous avez donn\u00e9 votre consentement \u00e0 une fin sp\u00e9cifique, vous avez le droit de retirer le consentement accord\u00e9 \u00e0 tout moment, sans affecter la l\u00e9galit\u00e9 du traitement bas\u00e9 sur le consentement avant son retrait HR.<\/p>\n<p>Vous pouvez exercer ces droits en envoyant une communication motiv\u00e9e et accr\u00e9dit\u00e9e \u00e0 info.baleares@paberaombra.com<\/p>\n<p>Vous avez \u00e9galement le droit de d\u00e9poser une r\u00e9clamation aupr\u00e8s de l'autorit\u00e9 de contr\u00f4le comp\u00e9tente (<a class=\"rank-math-link\" href=\"https:\/\/aepd.es\/\" target=\"_blank\" rel=\"noopener\">www.aepd.es<\/a>) si vous consid\u00e9rez que le traitement n'est pas conforme \u00e0 la r\u00e9glementation en vigueur.<\/p>\n<p><strong>8. INFORMATIONS JURIDIQUES<\/strong><br>Les exigences de la pr\u00e9sente politique compl\u00e8tent, et ne remplacent pas, toute autre exigence existante en vertu de la loi applicable sur la protection des donn\u00e9es, qui pr\u00e9vaudra dans tous les cas.<\/p>\n<p>Cette Politique est soumise \u00e0 un examen p\u00e9riodique et peut \u00eatre modifi\u00e9e par la Soci\u00e9t\u00e9 \u00e0 tout moment. Lorsque cela se produit, nous vous informerons de tout changement et vous demanderons de relire la version la plus r\u00e9cente de notre politique et de confirmer votre acceptation.<\/p>\t\t\t\t\t\t\t\t<\/div>\n\t\t\t\t<\/div>\n\t\t\t\t\t<\/div>\n\t\t<\/div>\n\t\t\t\t\t<\/div>\n\t\t<\/section>\n\t\t\t\t<\/div>","protected":false},"excerpt":{"rendered":"<p>POLITICA DE PRIVACIDAD \u00daltima actualizaci\u00f3n: Enero 2023. 1.&nbsp;INFORMACI\u00d3N AL USUARIO PABERA OMBRA, S.L., como Responsable del Tratamiento, le informa que, seg\u00fan lo dispuesto en el Reglamento (UE) 2016\/679, de 27 de abril, (RGPD) y en la L.O. 3\/2018, de 5 de diciembre, de protecci\u00f3n de datos y garant\u00eda de los derechos digitales (LOPDGDD), trataremos su [&hellip;]<\/p>","protected":false},"author":3,"featured_media":0,"parent":0,"menu_order":0,"comment_status":"closed","ping_status":"closed","template":"elementor_header_footer","meta":{"footnotes":""},"class_list":["post-663","page","type-page","status-publish","hentry"],"yoast_head":"<!-- This site is optimized with the Yoast SEO plugin v25.6 - https:\/\/yoast.com\/wordpress\/plugins\/seo\/ -->\n<title>Pol\u00edtica de privacidad - Pabera Ombra<\/title>\n<meta name=\"description\" content=\"Pabera Ombra es una empresa dedicada a dise\u00f1ar y ejecutar soluciones innovadoras para terrazas y espacios exteriores.\" \/>\n<meta name=\"robots\" content=\"index, follow, max-snippet:-1, max-image-preview:large, max-video-preview:-1\" \/>\n<link rel=\"canonical\" href=\"https:\/\/www.paberaombra.com\/politica-de-privacidad\/\" \/>\n<meta property=\"og:locale\" content=\"fr_FR\" \/>\n<meta property=\"og:type\" content=\"article\" \/>\n<meta property=\"og:title\" content=\"Pol\u00edtica de privacidad - Pabera Ombra\" \/>\n<meta property=\"og:description\" content=\"Pabera Ombra es una empresa dedicada a dise\u00f1ar y ejecutar soluciones innovadoras para terrazas y espacios exteriores.\" \/>\n<meta property=\"og:url\" content=\"https:\/\/www.paberaombra.com\/politica-de-privacidad\/\" \/>\n<meta property=\"og:site_name\" content=\"Pabera Ombra\" \/>\n<meta property=\"article:publisher\" content=\"https:\/\/www.facebook.com\/paberaombra\" \/>\n<meta property=\"article:modified_time\" content=\"2023-01-17T11:55:41+00:00\" \/>\n<meta name=\"twitter:card\" content=\"summary_large_image\" \/>\n<meta name=\"twitter:label1\" content=\"Dur\u00e9e de lecture estim\u00e9e\" \/>\n\t<meta name=\"twitter:data1\" content=\"5 minutes\" \/>\n<script type=\"application\/ld+json\" class=\"yoast-schema-graph\">{\"@context\":\"https:\/\/schema.org\",\"@graph\":[{\"@type\":\"WebPage\",\"@id\":\"https:\/\/www.paberaombra.com\/politica-de-privacidad\/\",\"url\":\"https:\/\/www.paberaombra.com\/politica-de-privacidad\/\",\"name\":\"Pol\u00edtica de privacidad - Pabera Ombra\",\"isPartOf\":{\"@id\":\"https:\/\/www.paberaombra.com\/#website\"},\"datePublished\":\"2023-01-04T16:26:00+00:00\",\"dateModified\":\"2023-01-17T11:55:41+00:00\",\"description\":\"Pabera Ombra es una empresa dedicada a dise\u00f1ar y ejecutar soluciones innovadoras para terrazas y espacios exteriores.\",\"breadcrumb\":{\"@id\":\"https:\/\/www.paberaombra.com\/politica-de-privacidad\/#breadcrumb\"},\"inLanguage\":\"fr-FR\",\"potentialAction\":[{\"@type\":\"ReadAction\",\"target\":[\"https:\/\/www.paberaombra.com\/politica-de-privacidad\/\"]}]},{\"@type\":\"BreadcrumbList\",\"@id\":\"https:\/\/www.paberaombra.com\/politica-de-privacidad\/#breadcrumb\",\"itemListElement\":[{\"@type\":\"ListItem\",\"position\":1,\"name\":\"Home\",\"item\":\"https:\/\/www.paberaombra.com\/\"},{\"@type\":\"ListItem\",\"position\":2,\"name\":\"Pol\u00edtica de privacidad\"}]},{\"@type\":\"WebSite\",\"@id\":\"https:\/\/www.paberaombra.com\/#website\",\"url\":\"https:\/\/www.paberaombra.com\/\",\"name\":\"Pabera Ombra\",\"description\":\"Outdoor Equipment Solutions\",\"publisher\":{\"@id\":\"https:\/\/www.paberaombra.com\/#organization\"},\"potentialAction\":[{\"@type\":\"SearchAction\",\"target\":{\"@type\":\"EntryPoint\",\"urlTemplate\":\"https:\/\/www.paberaombra.com\/?s={search_term_string}\"},\"query-input\":{\"@type\":\"PropertyValueSpecification\",\"valueRequired\":true,\"valueName\":\"search_term_string\"}}],\"inLanguage\":\"fr-FR\"},{\"@type\":\"Organization\",\"@id\":\"https:\/\/www.paberaombra.com\/#organization\",\"name\":\"Pabera Ombra\",\"alternateName\":\"Pabera Ombra\",\"url\":\"https:\/\/www.paberaombra.com\/\",\"logo\":{\"@type\":\"ImageObject\",\"inLanguage\":\"fr-FR\",\"@id\":\"https:\/\/www.paberaombra.com\/#\/schema\/logo\/image\/\",\"url\":\"https:\/\/paberaombra.com\/wp-content\/uploads\/2022\/12\/LOGO-PABERA-OMBRA_NEGRO-HORIZONTAL-SIN-FONDO.png\",\"contentUrl\":\"https:\/\/paberaombra.com\/wp-content\/uploads\/2022\/12\/LOGO-PABERA-OMBRA_NEGRO-HORIZONTAL-SIN-FONDO.png\",\"width\":4594,\"height\":1095,\"caption\":\"Pabera Ombra\"},\"image\":{\"@id\":\"https:\/\/www.paberaombra.com\/#\/schema\/logo\/image\/\"},\"sameAs\":[\"https:\/\/www.facebook.com\/paberaombra\",\"https:\/\/www.instagram.com\/paberaombra\/\"]}]}<\/script>\n<!-- \/ Yoast SEO plugin. -->","yoast_head_json":{"title":"Pol\u00edtica de privacidad - Pabera Ombra","description":"Pabera Ombra es una empresa dedicada a dise\u00f1ar y ejecutar soluciones innovadoras para terrazas y espacios exteriores.","robots":{"index":"index","follow":"follow","max-snippet":"max-snippet:-1","max-image-preview":"max-image-preview:large","max-video-preview":"max-video-preview:-1"},"canonical":"https:\/\/www.paberaombra.com\/politica-de-privacidad\/","og_locale":"fr_FR","og_type":"article","og_title":"Pol\u00edtica de privacidad - Pabera Ombra","og_description":"Pabera Ombra es una empresa dedicada a dise\u00f1ar y ejecutar soluciones innovadoras para terrazas y espacios exteriores.","og_url":"https:\/\/www.paberaombra.com\/politica-de-privacidad\/","og_site_name":"Pabera Ombra","article_publisher":"https:\/\/www.facebook.com\/paberaombra","article_modified_time":"2023-01-17T11:55:41+00:00","twitter_card":"summary_large_image","twitter_misc":{"Dur\u00e9e de lecture estim\u00e9e":"5 minutes"},"schema":{"@context":"https:\/\/schema.org","@graph":[{"@type":"WebPage","@id":"https:\/\/www.paberaombra.com\/politica-de-privacidad\/","url":"https:\/\/www.paberaombra.com\/politica-de-privacidad\/","name":"Pol\u00edtica de privacidad - Pabera Ombra","isPartOf":{"@id":"https:\/\/www.paberaombra.com\/#website"},"datePublished":"2023-01-04T16:26:00+00:00","dateModified":"2023-01-17T11:55:41+00:00","description":"Pabera Ombra es una empresa dedicada a dise\u00f1ar y ejecutar soluciones innovadoras para terrazas y espacios exteriores.","breadcrumb":{"@id":"https:\/\/www.paberaombra.com\/politica-de-privacidad\/#breadcrumb"},"inLanguage":"fr-FR","potentialAction":[{"@type":"ReadAction","target":["https:\/\/www.paberaombra.com\/politica-de-privacidad\/"]}]},{"@type":"BreadcrumbList","@id":"https:\/\/www.paberaombra.com\/politica-de-privacidad\/#breadcrumb","itemListElement":[{"@type":"ListItem","position":1,"name":"Home","item":"https:\/\/www.paberaombra.com\/"},{"@type":"ListItem","position":2,"name":"Pol\u00edtica de privacidad"}]},{"@type":"WebSite","@id":"https:\/\/www.paberaombra.com\/#website","url":"https:\/\/www.paberaombra.com\/","name":"Pabera Ombra","description":"Outdoor Equipment Solutions","publisher":{"@id":"https:\/\/www.paberaombra.com\/#organization"},"potentialAction":[{"@type":"SearchAction","target":{"@type":"EntryPoint","urlTemplate":"https:\/\/www.paberaombra.com\/?s={search_term_string}"},"query-input":{"@type":"PropertyValueSpecification","valueRequired":true,"valueName":"search_term_string"}}],"inLanguage":"fr-FR"},{"@type":"Organization","@id":"https:\/\/www.paberaombra.com\/#organization","name":"Pabera Ombra","alternateName":"Pabera Ombra","url":"https:\/\/www.paberaombra.com\/","logo":{"@type":"ImageObject","inLanguage":"fr-FR","@id":"https:\/\/www.paberaombra.com\/#\/schema\/logo\/image\/","url":"https:\/\/paberaombra.com\/wp-content\/uploads\/2022\/12\/LOGO-PABERA-OMBRA_NEGRO-HORIZONTAL-SIN-FONDO.png","contentUrl":"https:\/\/paberaombra.com\/wp-content\/uploads\/2022\/12\/LOGO-PABERA-OMBRA_NEGRO-HORIZONTAL-SIN-FONDO.png","width":4594,"height":1095,"caption":"Pabera Ombra"},"image":{"@id":"https:\/\/www.paberaombra.com\/#\/schema\/logo\/image\/"},"sameAs":["https:\/\/www.facebook.com\/paberaombra","https:\/\/www.instagram.com\/paberaombra\/"]}]}},"_links":{"self":[{"href":"https:\/\/paberaombra.com\/fr\/wp-json\/wp\/v2\/pages\/663","targetHints":{"allow":["GET"]}}],"collection":[{"href":"https:\/\/paberaombra.com\/fr\/wp-json\/wp\/v2\/pages"}],"about":[{"href":"https:\/\/paberaombra.com\/fr\/wp-json\/wp\/v2\/types\/page"}],"author":[{"embeddable":true,"href":"https:\/\/paberaombra.com\/fr\/wp-json\/wp\/v2\/users\/3"}],"replies":[{"embeddable":true,"href":"https:\/\/paberaombra.com\/fr\/wp-json\/wp\/v2\/comments?post=663"}],"version-history":[{"count":0,"href":"https:\/\/paberaombra.com\/fr\/wp-json\/wp\/v2\/pages\/663\/revisions"}],"wp:attachment":[{"href":"https:\/\/paberaombra.com\/fr\/wp-json\/wp\/v2\/media?parent=663"}],"curies":[{"name":"wp","href":"https:\/\/api.w.org\/{rel}","templated":true}]}}