{"id":663,"date":"2023-01-04T16:26:00","date_gmt":"2023-01-04T16:26:00","guid":{"rendered":"https:\/\/www.paberaombra.com\/?page_id=663"},"modified":"2023-01-17T11:55:41","modified_gmt":"2023-01-17T11:55:41","slug":"politica-de-privacidad","status":"publish","type":"page","link":"https:\/\/paberaombra.com\/en\/politica-de-privacidad\/","title":{"rendered":"Pol\u00edtica de privacidad"},"content":{"rendered":"<div data-elementor-type=\"wp-page\" data-elementor-id=\"663\" class=\"elementor elementor-663\" data-elementor-post-type=\"page\">\n\t\t\t\t\t\t<section class=\"elementor-section elementor-top-section elementor-element elementor-element-eb9ec85 elementor-section-boxed elementor-section-height-default elementor-section-height-default\" data-id=\"eb9ec85\" data-element_type=\"section\">\n\t\t\t\t\t\t<div class=\"elementor-container elementor-column-gap-default\">\n\t\t\t\t\t<div class=\"elementor-column elementor-col-100 elementor-top-column elementor-element elementor-element-1331891\" data-id=\"1331891\" data-element_type=\"column\">\n\t\t\t<div class=\"elementor-widget-wrap\">\n\t\t\t\t\t\t\t<\/div>\n\t\t<\/div>\n\t\t\t\t\t<\/div>\n\t\t<\/section>\n\t\t\t\t<section class=\"elementor-section elementor-top-section elementor-element elementor-element-e41a4b9 elementor-section-boxed elementor-section-height-default elementor-section-height-default\" data-id=\"e41a4b9\" data-element_type=\"section\">\n\t\t\t\t\t\t<div class=\"elementor-container elementor-column-gap-default\">\n\t\t\t\t\t<div class=\"elementor-column elementor-col-100 elementor-top-column elementor-element elementor-element-3e9778b\" data-id=\"3e9778b\" data-element_type=\"column\">\n\t\t\t<div class=\"elementor-widget-wrap elementor-element-populated\">\n\t\t\t\t\t\t<div class=\"elementor-element elementor-element-5d11896 de_scroll_animation_no elementor-widget elementor-widget-text-editor\" data-id=\"5d11896\" data-element_type=\"widget\" data-widget_type=\"text-editor.default\">\n\t\t\t\t<div class=\"elementor-widget-container\">\n\t\t\t\t\t\t\t\t\t<h3>PRIVACY POLICY<\/h3>\n<p>Last updated: January 2023.<\/p>\n<p><strong>1.&nbsp;INFORMACI\u00d3N AL USUARIO<\/strong><\/p>\n<p>PABERA OMBRA, S.L., as Responsible for the Treatment, informs you that, according to the provisions of Regulation (EU) 2016\/679, of April 27, (RGPD) and in the L.O. 3\/2018, of December 5, data protection and guarantee of digital rights (LOPDGDD), we will treat your data as reflected in this Privacy Policy.<\/p>\n<p>In this Privacy Policy we describe how we collect your personal data and why we collect it, what we do with it, with whom we share it, how we protect it, and your choices regarding the processing of your personal data.<\/p>\n<p>This Policy applies to the processing of your personal data collected by the company for the provision of its services. If you accept the measures in this Policy, you agree that we treat your personal data as defined in this Policy.<\/p>\n<p><strong>2. CONTACT<\/strong><\/p>\n<p><strong>Social denomination:<\/strong> PABERA OMBRA, S.L.<br><strong>Tradename:<\/strong> PABERA OMBRA<br><strong>CIF:<\/strong> B02746816<br><strong>Address:<\/strong> Cam\u00ed del Gremi de Sucrers i Candelers, 14 Pol. Ind. Son Castell\u00f3 07009 Palma de Mallorca (Spain)<br><strong>Email:<\/strong> info.baleares@paberaombra.com<\/p>\n<p><strong>3. KEY PRINCIPLES<\/strong><\/p>\n<p>We have always been committed to providing our services with the highest degree of quality, which includes treating your data with security and transparency. Our principles are:<\/p>\n<ul>\n<li><strong>Legality<\/strong>: Solo recopilaremos sus Datos personales para fines espec\u00edficos,&nbsp;expl\u00edcitos y leg\u00edtimos.<\/li>\n<li><strong>Data minimization<\/strong>: We limit the collection of personal data to what is strictly relevant and necessary for the purposes for which it was collected.<\/li>\n<li><strong>Purpose Limitation<\/strong>: We will only collect your personal data for the stated purposes and only according to your wishes.<\/li>\n<li><strong>Precision<\/strong>: We will keep your personal data accurate and up to date.<\/li>\n<li><strong>Data Security<\/strong>: We apply appropriate technical and organizational measures proportional to the risks to ensure that your data is not damaged, such as unauthorized disclosure or access, accidental or unlawful destruction or accidental loss or alteration and any other form of unlawful processing.<\/li>\n<li><strong>Access and Rectification<\/strong>: We have the means for you to access or rectify your data when you consider it appropriate.<\/li>\n<li><strong>Conservation<\/strong>: We retain your personal data lawfully and appropriately and only for as long as it is necessary for the purposes for which it was collected.<\/li>\n<li><strong>International transfers<\/strong>: cuando se d\u00e9 el caso de que sus datos vayan a ser transferidos fuera de la UE\/EEE se proteger\u00e1n adecuadamente.<\/li>\n<li><strong>Third parties<\/strong>: The access and transfer of personal data to third parties are carried out in accordance with the applicable laws and regulations and with the appropriate contractual guarantees.<\/li>\n<li><strong>Direct Marketing and Cookies<\/strong>: Cumplimos con la legislaci\u00f3n aplicable en materia de publicidad y cookies.<\/li>\n<\/ul>\n<div>&nbsp;<\/div>\n<p><strong>4. COLLECTION AND PROCESSING OF YOUR PERSONAL DATA<\/strong><br>The types of data that can be requested and processed are:<\/p>\n<ul>\n<li>Identification data.<\/li>\n<\/ul>\n<p>Tambi\u00e9n recogemos de forma autom\u00e1tica datos sobre su visita a nuestro sitio web&nbsp; seg\u00fan se describe en la pol\u00edtica de cookies.<\/p>\n<p>Whenever we request your Personal Data, we will clearly inform you of what personal data we collect and for what purpose. In general, we collect and process your personal data for the purpose of:<\/p>\n<ul>\n<li>Provide information, services, products, relevant information and news in the sector.<\/li>\n<li>Sending communications.<\/li>\n<\/ul>\n<div>&nbsp;<\/div>\n<p><strong>5. LEGITIMACY<\/strong><\/p>\n<p>In accordance with the applicable data protection regulations, your personal data may be processed provided that:<\/p>\n<ul>\n<li>You have given us your consent for the purposes of processing. Of course you can withdraw your consent at any time.<\/li>\n<li>By legal requirement.<\/li>\n<li>Because there is a legitimate interest that is not undermined by your privacy rights, such as sending commercial information either by subscribing to our newsletter or by being a customer.<\/li>\n<li>Because it is necessary for the provision of any of our services through a contractual relationship between you and us.<\/li>\n<\/ul>\n<div>&nbsp;<\/div>\n<p><strong>6. COMMUNICATION OF PERSONAL DATA<\/strong><\/p>\n<p>Los datos pueden ser comunicados a empresas relacionadas con&nbsp;Pabera Ombra, S.L.&nbsp;para la prestaci\u00f3n de los diversos servicios en calidad de Encargados del Tratamiento. La empresa no realizar\u00e1 ninguna cesi\u00f3n, salvo por obligaci\u00f3n legal.<\/p>\n<p><strong>7. YOUR RIGHTS<\/strong><\/p>\n<p>In relation to the collection and processing of your personal data, you can contact us at any time to:<\/p>\n<ul>\n<li>Acceder a sus datos personales y a cualquier otra&nbsp;informaci\u00f3n indicada en el Art\u00edculo 15.1 del RGPD.<\/li>\n<li>Rectify your personal data that is inaccurate or incomplete in accordance with Article 16 of the GDPR.<\/li>\n<li>Delete your personal data in accordance with Article 17 of the GDPR.<\/li>\n<li>Limit the processing of your personal data in accordance with Article 18 of the GDPR.<\/li>\n<li class=\"translation-block\">Request the portability of your data in accordance with Article 20 of the GDPR.<\/li>\n<li>Oppose the processing of your personal data in accordance with article 21 of the GDPR.<\/li>\n<\/ul>\n<p class=\"translation-block\">If you have given your consent for any specific purpose, you have the right to withdraw the consent granted at any time, without affecting the legality of the treatment based on the consent prior to its withdrawal HR.<\/p>\n<p>You can exercise these rights by sending a motivated and accredited communication to info.baleares@paberaombra.com<\/p>\n<p>You also have the right to file a claim with the competent Control Authority (<a class=\"rank-math-link\" href=\"https:\/\/aepd.es\/\" target=\"_blank\" rel=\"noopener\">www.aepd.es<\/a>) if you consider that the treatment does not comply with current regulations.<\/p>\n<p><strong>8. LEGAL INFORMATION<\/strong><br>The requirements of this Policy complement, and do not replace, any other existing requirements under the applicable data protection law, which will prevail in any case.<\/p>\n<p>This Policy is subject to periodic review and may be amended by Company at any time. When this occurs, we will notify you of any changes and ask you to re-read the most recent version of our Policy and confirm your acceptance.<\/p>\t\t\t\t\t\t\t\t<\/div>\n\t\t\t\t<\/div>\n\t\t\t\t\t<\/div>\n\t\t<\/div>\n\t\t\t\t\t<\/div>\n\t\t<\/section>\n\t\t\t\t<\/div>","protected":false},"excerpt":{"rendered":"<p>POLITICA DE PRIVACIDAD \u00daltima actualizaci\u00f3n: Enero 2023. 1.&nbsp;INFORMACI\u00d3N AL USUARIO PABERA OMBRA, S.L., como Responsable del Tratamiento, le informa que, seg\u00fan lo dispuesto en el Reglamento (UE) 2016\/679, de 27 de abril, (RGPD) y en la L.O. 3\/2018, de 5 de diciembre, de protecci\u00f3n de datos y garant\u00eda de los derechos digitales (LOPDGDD), trataremos su [&hellip;]<\/p>","protected":false},"author":3,"featured_media":0,"parent":0,"menu_order":0,"comment_status":"closed","ping_status":"closed","template":"elementor_header_footer","meta":{"footnotes":""},"class_list":["post-663","page","type-page","status-publish","hentry"],"yoast_head":"<!-- This site is optimized with the Yoast SEO plugin v25.6 - https:\/\/yoast.com\/wordpress\/plugins\/seo\/ -->\n<title>Pol\u00edtica de privacidad - Pabera Ombra<\/title>\n<meta name=\"description\" content=\"Pabera Ombra es una empresa dedicada a dise\u00f1ar y ejecutar soluciones innovadoras para terrazas y espacios exteriores.\" \/>\n<meta name=\"robots\" content=\"index, follow, max-snippet:-1, max-image-preview:large, max-video-preview:-1\" \/>\n<link rel=\"canonical\" href=\"https:\/\/www.paberaombra.com\/politica-de-privacidad\/\" \/>\n<meta property=\"og:locale\" content=\"en_GB\" \/>\n<meta property=\"og:type\" content=\"article\" \/>\n<meta property=\"og:title\" content=\"Pol\u00edtica de privacidad - Pabera Ombra\" \/>\n<meta property=\"og:description\" content=\"Pabera Ombra es una empresa dedicada a dise\u00f1ar y ejecutar soluciones innovadoras para terrazas y espacios exteriores.\" \/>\n<meta property=\"og:url\" content=\"https:\/\/www.paberaombra.com\/politica-de-privacidad\/\" \/>\n<meta property=\"og:site_name\" content=\"Pabera Ombra\" \/>\n<meta property=\"article:publisher\" content=\"https:\/\/www.facebook.com\/paberaombra\" \/>\n<meta property=\"article:modified_time\" content=\"2023-01-17T11:55:41+00:00\" \/>\n<meta name=\"twitter:card\" content=\"summary_large_image\" \/>\n<meta name=\"twitter:label1\" content=\"Estimated reading time\" \/>\n\t<meta name=\"twitter:data1\" content=\"5 minutes\" \/>\n<script type=\"application\/ld+json\" class=\"yoast-schema-graph\">{\"@context\":\"https:\/\/schema.org\",\"@graph\":[{\"@type\":\"WebPage\",\"@id\":\"https:\/\/www.paberaombra.com\/politica-de-privacidad\/\",\"url\":\"https:\/\/www.paberaombra.com\/politica-de-privacidad\/\",\"name\":\"Pol\u00edtica de privacidad - Pabera Ombra\",\"isPartOf\":{\"@id\":\"https:\/\/www.paberaombra.com\/#website\"},\"datePublished\":\"2023-01-04T16:26:00+00:00\",\"dateModified\":\"2023-01-17T11:55:41+00:00\",\"description\":\"Pabera Ombra es una empresa dedicada a dise\u00f1ar y ejecutar soluciones innovadoras para terrazas y espacios exteriores.\",\"breadcrumb\":{\"@id\":\"https:\/\/www.paberaombra.com\/politica-de-privacidad\/#breadcrumb\"},\"inLanguage\":\"en-GB\",\"potentialAction\":[{\"@type\":\"ReadAction\",\"target\":[\"https:\/\/www.paberaombra.com\/politica-de-privacidad\/\"]}]},{\"@type\":\"BreadcrumbList\",\"@id\":\"https:\/\/www.paberaombra.com\/politica-de-privacidad\/#breadcrumb\",\"itemListElement\":[{\"@type\":\"ListItem\",\"position\":1,\"name\":\"Home\",\"item\":\"https:\/\/www.paberaombra.com\/\"},{\"@type\":\"ListItem\",\"position\":2,\"name\":\"Pol\u00edtica de privacidad\"}]},{\"@type\":\"WebSite\",\"@id\":\"https:\/\/www.paberaombra.com\/#website\",\"url\":\"https:\/\/www.paberaombra.com\/\",\"name\":\"Pabera Ombra\",\"description\":\"Outdoor Equipment Solutions\",\"publisher\":{\"@id\":\"https:\/\/www.paberaombra.com\/#organization\"},\"potentialAction\":[{\"@type\":\"SearchAction\",\"target\":{\"@type\":\"EntryPoint\",\"urlTemplate\":\"https:\/\/www.paberaombra.com\/?s={search_term_string}\"},\"query-input\":{\"@type\":\"PropertyValueSpecification\",\"valueRequired\":true,\"valueName\":\"search_term_string\"}}],\"inLanguage\":\"en-GB\"},{\"@type\":\"Organization\",\"@id\":\"https:\/\/www.paberaombra.com\/#organization\",\"name\":\"Pabera Ombra\",\"alternateName\":\"Pabera Ombra\",\"url\":\"https:\/\/www.paberaombra.com\/\",\"logo\":{\"@type\":\"ImageObject\",\"inLanguage\":\"en-GB\",\"@id\":\"https:\/\/www.paberaombra.com\/#\/schema\/logo\/image\/\",\"url\":\"https:\/\/paberaombra.com\/wp-content\/uploads\/2022\/12\/LOGO-PABERA-OMBRA_NEGRO-HORIZONTAL-SIN-FONDO.png\",\"contentUrl\":\"https:\/\/paberaombra.com\/wp-content\/uploads\/2022\/12\/LOGO-PABERA-OMBRA_NEGRO-HORIZONTAL-SIN-FONDO.png\",\"width\":4594,\"height\":1095,\"caption\":\"Pabera Ombra\"},\"image\":{\"@id\":\"https:\/\/www.paberaombra.com\/#\/schema\/logo\/image\/\"},\"sameAs\":[\"https:\/\/www.facebook.com\/paberaombra\",\"https:\/\/www.instagram.com\/paberaombra\/\"]}]}<\/script>\n<!-- \/ Yoast SEO plugin. -->","yoast_head_json":{"title":"Pol\u00edtica de privacidad - Pabera Ombra","description":"Pabera Ombra es una empresa dedicada a dise\u00f1ar y ejecutar soluciones innovadoras para terrazas y espacios exteriores.","robots":{"index":"index","follow":"follow","max-snippet":"max-snippet:-1","max-image-preview":"max-image-preview:large","max-video-preview":"max-video-preview:-1"},"canonical":"https:\/\/www.paberaombra.com\/politica-de-privacidad\/","og_locale":"en_GB","og_type":"article","og_title":"Pol\u00edtica de privacidad - Pabera Ombra","og_description":"Pabera Ombra es una empresa dedicada a dise\u00f1ar y ejecutar soluciones innovadoras para terrazas y espacios exteriores.","og_url":"https:\/\/www.paberaombra.com\/politica-de-privacidad\/","og_site_name":"Pabera Ombra","article_publisher":"https:\/\/www.facebook.com\/paberaombra","article_modified_time":"2023-01-17T11:55:41+00:00","twitter_card":"summary_large_image","twitter_misc":{"Estimated reading time":"5 minutes"},"schema":{"@context":"https:\/\/schema.org","@graph":[{"@type":"WebPage","@id":"https:\/\/www.paberaombra.com\/politica-de-privacidad\/","url":"https:\/\/www.paberaombra.com\/politica-de-privacidad\/","name":"Pol\u00edtica de privacidad - Pabera Ombra","isPartOf":{"@id":"https:\/\/www.paberaombra.com\/#website"},"datePublished":"2023-01-04T16:26:00+00:00","dateModified":"2023-01-17T11:55:41+00:00","description":"Pabera Ombra es una empresa dedicada a dise\u00f1ar y ejecutar soluciones innovadoras para terrazas y espacios exteriores.","breadcrumb":{"@id":"https:\/\/www.paberaombra.com\/politica-de-privacidad\/#breadcrumb"},"inLanguage":"en-GB","potentialAction":[{"@type":"ReadAction","target":["https:\/\/www.paberaombra.com\/politica-de-privacidad\/"]}]},{"@type":"BreadcrumbList","@id":"https:\/\/www.paberaombra.com\/politica-de-privacidad\/#breadcrumb","itemListElement":[{"@type":"ListItem","position":1,"name":"Home","item":"https:\/\/www.paberaombra.com\/"},{"@type":"ListItem","position":2,"name":"Pol\u00edtica de privacidad"}]},{"@type":"WebSite","@id":"https:\/\/www.paberaombra.com\/#website","url":"https:\/\/www.paberaombra.com\/","name":"Pabera Ombra","description":"Outdoor Equipment Solutions","publisher":{"@id":"https:\/\/www.paberaombra.com\/#organization"},"potentialAction":[{"@type":"SearchAction","target":{"@type":"EntryPoint","urlTemplate":"https:\/\/www.paberaombra.com\/?s={search_term_string}"},"query-input":{"@type":"PropertyValueSpecification","valueRequired":true,"valueName":"search_term_string"}}],"inLanguage":"en-GB"},{"@type":"Organization","@id":"https:\/\/www.paberaombra.com\/#organization","name":"Pabera Ombra","alternateName":"Pabera Ombra","url":"https:\/\/www.paberaombra.com\/","logo":{"@type":"ImageObject","inLanguage":"en-GB","@id":"https:\/\/www.paberaombra.com\/#\/schema\/logo\/image\/","url":"https:\/\/paberaombra.com\/wp-content\/uploads\/2022\/12\/LOGO-PABERA-OMBRA_NEGRO-HORIZONTAL-SIN-FONDO.png","contentUrl":"https:\/\/paberaombra.com\/wp-content\/uploads\/2022\/12\/LOGO-PABERA-OMBRA_NEGRO-HORIZONTAL-SIN-FONDO.png","width":4594,"height":1095,"caption":"Pabera Ombra"},"image":{"@id":"https:\/\/www.paberaombra.com\/#\/schema\/logo\/image\/"},"sameAs":["https:\/\/www.facebook.com\/paberaombra","https:\/\/www.instagram.com\/paberaombra\/"]}]}},"_links":{"self":[{"href":"https:\/\/paberaombra.com\/en\/wp-json\/wp\/v2\/pages\/663","targetHints":{"allow":["GET"]}}],"collection":[{"href":"https:\/\/paberaombra.com\/en\/wp-json\/wp\/v2\/pages"}],"about":[{"href":"https:\/\/paberaombra.com\/en\/wp-json\/wp\/v2\/types\/page"}],"author":[{"embeddable":true,"href":"https:\/\/paberaombra.com\/en\/wp-json\/wp\/v2\/users\/3"}],"replies":[{"embeddable":true,"href":"https:\/\/paberaombra.com\/en\/wp-json\/wp\/v2\/comments?post=663"}],"version-history":[{"count":0,"href":"https:\/\/paberaombra.com\/en\/wp-json\/wp\/v2\/pages\/663\/revisions"}],"wp:attachment":[{"href":"https:\/\/paberaombra.com\/en\/wp-json\/wp\/v2\/media?parent=663"}],"curies":[{"name":"wp","href":"https:\/\/api.w.org\/{rel}","templated":true}]}}