{"id":678,"date":"2023-01-04T17:20:32","date_gmt":"2023-01-04T17:20:32","guid":{"rendered":"https:\/\/www.paberaombra.com\/?page_id=678"},"modified":"2023-01-17T10:42:56","modified_gmt":"2023-01-17T10:42:56","slug":"politica-de-cookies","status":"publish","type":"page","link":"https:\/\/paberaombra.com\/de\/politica-de-cookies\/","title":{"rendered":"Pol\u00edtica de cookies"},"content":{"rendered":"<div data-elementor-type=\"wp-page\" data-elementor-id=\"678\" class=\"elementor elementor-678\" data-elementor-post-type=\"page\">\n\t\t\t\t\t\t<section class=\"elementor-section elementor-top-section elementor-element elementor-element-3d581b6 elementor-section-boxed elementor-section-height-default elementor-section-height-default\" data-id=\"3d581b6\" data-element_type=\"section\">\n\t\t\t\t\t\t<div class=\"elementor-container elementor-column-gap-default\">\n\t\t\t\t\t<div class=\"elementor-column elementor-col-100 elementor-top-column elementor-element elementor-element-c071568\" data-id=\"c071568\" data-element_type=\"column\">\n\t\t\t<div class=\"elementor-widget-wrap elementor-element-populated\">\n\t\t\t\t\t\t<div class=\"elementor-element elementor-element-7c6c470 de_scroll_animation_no elementor-widget elementor-widget-text-editor\" data-id=\"7c6c470\" data-element_type=\"widget\" data-widget_type=\"text-editor.default\">\n\t\t\t\t<div class=\"elementor-widget-container\">\n\t\t\t\t\t\t\t\t\t<h3>COOKIES-RICHTLINIE<\/h3>\n<p>Cookies sind kleine Informationsmengen, die in dem von jedem Benutzer verwendeten Browser gespeichert werden, damit sich der Server bestimmte Informationen merkt, die er sp\u00e4ter verwenden kann.<\/p>\n<h4>ARTEN VON COOKIES, DIE WIR VERWENDEN<\/h4>\n<p>Diese Website verwendet Cookies von Drittanbietern, die von einer Dom\u00e4ne oder Webseite, die nicht von uns verwaltet wird, sondern von einer anderen Stelle, die die durch Cookies erhaltenen Daten verarbeitet, an Ihren Computer oder Ihr Endger\u00e4t gesendet werden.<\/p>\n<p>Dans ce cas, les Cookies sont utilis\u00e9s \u00e0 des fins statistiques li\u00e9es aux visites qu'il re\u00e7oit et aux pages consult\u00e9es, son utilisation \u00e9tant accept\u00e9e lors de sa navigation.<\/p>\n<figure class=\"wp-block-table\">\n<table>\n<tbody>\n<tr>\n<th class=\"translation-block\">COOKIE\n(UND LIEFERANT)<\/th>\n<th>DAUER<\/th>\n<th>BEZEICHNUNG<\/th>\n<\/tr>\n<tr>\n<td><br><\/td><td><\/td><td><\/td>\n<\/tr>\n<tr>\n<td>personalization_id (twitter.com)<\/td>\n<td>Sitzung<\/td>\n<td>Twitter<\/td>\n<\/tr>\n<tr>\n<td>Facebook<\/td>\n<td>Werbung, Statistiken und Messungen<\/td>\n<td>Platziert Cookies auf Ihrem Computer oder Ger\u00e4t und erh\u00e4lt die darin gespeicherten Informationen, wenn Sie Dienste verwenden oder besuchen, die von anderen Unternehmen bereitgestellt werden, die Facebook-Dienste verwenden.<\/td>\n<\/tr>\n<tr>\n<td>_ga (Google)<\/td>\n<td>zwei Jahre<\/td>\n<td>Es wird verwendet, um Benutzer zu unterscheiden.<\/td>\n<\/tr>\n<tr>\n<td>_gid (Google)<\/td>\n<td>24 horas<\/td>\n<td>Es wird verwendet, um Benutzer zu unterscheiden.<\/td>\n<\/tr>\n<tr>\n<td>_gat (Google)<\/td>\n<td>1 minute<\/td>\n<td>Es wird verwendet, um den Prozentsatz der Anfragen zu begrenzen. Wenn Sie Google Analytics \u00fcber Google Tag Manager implementiert haben, hei\u00dft dieses Cookie _dc_gtm_<a href=\"https:\/\/uztai.com\/\" target=\"_blank\" rel=\"noopener\">.<\/a><\/td>\n<\/tr>\n<tr>\n<td>_gali (Google)<\/td>\n<td>30s<\/td>\n<td>Verbesserte Linkzuordnung.<\/td>\n<\/tr>\n<tr>\n<td>_unam (SHARETHIS)<\/td>\n<td>Hartn\u00e4ckig<\/td>\n<td>Sein Zweck besteht darin, die Anzahl der Benutzer zu quantifizieren, die bestimmte Inhalte teilen, und wie viele Webseiten infolge dieser Aktion besucht werden.<\/td>\n<\/tr>\n<tr>\n<td>WordPress<\/td>\n<td>zwei Jahre<\/td>\n<td>Wird f\u00fcr das ordnungsgem\u00e4\u00dfe Funktionieren des WordPress-Content-Managers verwendet.<\/td>\n<\/tr>\n<\/tbody>\n<\/table>\n<\/figure>\n<p>Wenn Sie weitere Informationen \u00fcber die Arten von Tracking-Cookies und die Google-Datenanalyse w\u00fcnschen&nbsp;<span style=\"text-decoration: underline;\"><a class=\"rank-math-link\" href=\"https:\/\/www.google.com\/intl\/es_es\/policies\/technologies\/types\/\" target=\"_blank\" rel=\"noopener\">klicke hier<\/a><\/span>.<\/p>\n<p>Um herauszufinden, wie Sie Cookies aus Ihrem Browser l\u00f6schen k\u00f6nnen:<\/p>\n<ul>\n<li><span style=\"text-decoration: underline;\"><a class=\"rank-math-link\" href=\"https:\/\/support.google.com\/chrome\/answer\/95647?hl=es\" target=\"_blank\" rel=\"noopener\">Chrome<\/a><\/span><\/li>\n<li><span style=\"text-decoration: underline;\"><a class=\"rank-math-link\" href=\"https:\/\/support.microsoft.com\/es-es\/topic\/eliminar-y-administrar-cookies-168dab11-0753-043d-7c16-ede5947fc64d\" target=\"_blank\" rel=\"noopener\">Internet Explorer<\/a><\/span><\/li>\n<\/ul>\t\t\t\t\t\t\t\t<\/div>\n\t\t\t\t<\/div>\n\t\t\t\t\t<\/div>\n\t\t<\/div>\n\t\t\t\t\t<\/div>\n\t\t<\/section>\n\t\t\t\t<\/div>","protected":false},"excerpt":{"rendered":"<p>POLITICA DE COOKIES Las cookies son peque\u00f1as cantidades de informaci\u00f3n que se almacenan en el navegador utilizado por cada usuario para que el servidor recuerde cierta informaci\u00f3n que posteriormente pueda utilizar. TIPOS DE COOKIES QUE UTILIZAMOS Esta p\u00e1gina web utiliza cookies de terceros que son aquellas que se env\u00edan a tu ordenador o terminal desde [&hellip;]<\/p>","protected":false},"author":3,"featured_media":0,"parent":0,"menu_order":0,"comment_status":"closed","ping_status":"closed","template":"elementor_header_footer","meta":{"footnotes":""},"class_list":["post-678","page","type-page","status-publish","hentry"],"yoast_head":"<!-- This site is optimized with the Yoast SEO plugin v25.6 - https:\/\/yoast.com\/wordpress\/plugins\/seo\/ -->\n<title>Pol\u00edtica de cookies - Pabera Ombra<\/title>\n<meta name=\"description\" content=\"Pabera Ombra es una empresa dedicada a dise\u00f1ar y ejecutar soluciones innovadoras para terrazas y espacios exteriores.\" \/>\n<meta name=\"robots\" content=\"index, follow, max-snippet:-1, max-image-preview:large, max-video-preview:-1\" \/>\n<link rel=\"canonical\" href=\"https:\/\/www.paberaombra.com\/politica-de-cookies\/\" \/>\n<meta property=\"og:locale\" content=\"de_DE\" \/>\n<meta property=\"og:type\" content=\"article\" \/>\n<meta property=\"og:title\" content=\"Pol\u00edtica de cookies - Pabera Ombra\" \/>\n<meta property=\"og:description\" content=\"Pabera Ombra es una empresa dedicada a dise\u00f1ar y ejecutar soluciones innovadoras para terrazas y espacios exteriores.\" \/>\n<meta property=\"og:url\" content=\"https:\/\/www.paberaombra.com\/politica-de-cookies\/\" \/>\n<meta property=\"og:site_name\" content=\"Pabera Ombra\" \/>\n<meta property=\"article:publisher\" content=\"https:\/\/www.facebook.com\/paberaombra\" \/>\n<meta property=\"article:modified_time\" content=\"2023-01-17T10:42:56+00:00\" \/>\n<meta name=\"twitter:card\" content=\"summary_large_image\" \/>\n<meta name=\"twitter:label1\" content=\"Gesch\u00e4tzte Lesezeit\" \/>\n\t<meta name=\"twitter:data1\" content=\"2\u00a0Minuten\" \/>\n<script type=\"application\/ld+json\" class=\"yoast-schema-graph\">{\"@context\":\"https:\/\/schema.org\",\"@graph\":[{\"@type\":\"WebPage\",\"@id\":\"https:\/\/www.paberaombra.com\/politica-de-cookies\/\",\"url\":\"https:\/\/www.paberaombra.com\/politica-de-cookies\/\",\"name\":\"Pol\u00edtica de cookies - Pabera Ombra\",\"isPartOf\":{\"@id\":\"https:\/\/www.paberaombra.com\/#website\"},\"datePublished\":\"2023-01-04T17:20:32+00:00\",\"dateModified\":\"2023-01-17T10:42:56+00:00\",\"description\":\"Pabera Ombra es una empresa dedicada a dise\u00f1ar y ejecutar soluciones innovadoras para terrazas y espacios exteriores.\",\"breadcrumb\":{\"@id\":\"https:\/\/www.paberaombra.com\/politica-de-cookies\/#breadcrumb\"},\"inLanguage\":\"de\",\"potentialAction\":[{\"@type\":\"ReadAction\",\"target\":[\"https:\/\/www.paberaombra.com\/politica-de-cookies\/\"]}]},{\"@type\":\"BreadcrumbList\",\"@id\":\"https:\/\/www.paberaombra.com\/politica-de-cookies\/#breadcrumb\",\"itemListElement\":[{\"@type\":\"ListItem\",\"position\":1,\"name\":\"Home\",\"item\":\"https:\/\/www.paberaombra.com\/\"},{\"@type\":\"ListItem\",\"position\":2,\"name\":\"Pol\u00edtica de cookies\"}]},{\"@type\":\"WebSite\",\"@id\":\"https:\/\/www.paberaombra.com\/#website\",\"url\":\"https:\/\/www.paberaombra.com\/\",\"name\":\"Pabera Ombra\",\"description\":\"Outdoor Equipment Solutions\",\"publisher\":{\"@id\":\"https:\/\/www.paberaombra.com\/#organization\"},\"potentialAction\":[{\"@type\":\"SearchAction\",\"target\":{\"@type\":\"EntryPoint\",\"urlTemplate\":\"https:\/\/www.paberaombra.com\/?s={search_term_string}\"},\"query-input\":{\"@type\":\"PropertyValueSpecification\",\"valueRequired\":true,\"valueName\":\"search_term_string\"}}],\"inLanguage\":\"de\"},{\"@type\":\"Organization\",\"@id\":\"https:\/\/www.paberaombra.com\/#organization\",\"name\":\"Pabera Ombra\",\"alternateName\":\"Pabera Ombra\",\"url\":\"https:\/\/www.paberaombra.com\/\",\"logo\":{\"@type\":\"ImageObject\",\"inLanguage\":\"de\",\"@id\":\"https:\/\/www.paberaombra.com\/#\/schema\/logo\/image\/\",\"url\":\"https:\/\/paberaombra.com\/wp-content\/uploads\/2022\/12\/LOGO-PABERA-OMBRA_NEGRO-HORIZONTAL-SIN-FONDO.png\",\"contentUrl\":\"https:\/\/paberaombra.com\/wp-content\/uploads\/2022\/12\/LOGO-PABERA-OMBRA_NEGRO-HORIZONTAL-SIN-FONDO.png\",\"width\":4594,\"height\":1095,\"caption\":\"Pabera Ombra\"},\"image\":{\"@id\":\"https:\/\/www.paberaombra.com\/#\/schema\/logo\/image\/\"},\"sameAs\":[\"https:\/\/www.facebook.com\/paberaombra\",\"https:\/\/www.instagram.com\/paberaombra\/\"]}]}<\/script>\n<!-- \/ Yoast SEO plugin. -->","yoast_head_json":{"title":"Pol\u00edtica de cookies - Pabera Ombra","description":"Pabera Ombra es una empresa dedicada a dise\u00f1ar y ejecutar soluciones innovadoras para terrazas y espacios exteriores.","robots":{"index":"index","follow":"follow","max-snippet":"max-snippet:-1","max-image-preview":"max-image-preview:large","max-video-preview":"max-video-preview:-1"},"canonical":"https:\/\/www.paberaombra.com\/politica-de-cookies\/","og_locale":"de_DE","og_type":"article","og_title":"Pol\u00edtica de cookies - Pabera Ombra","og_description":"Pabera Ombra es una empresa dedicada a dise\u00f1ar y ejecutar soluciones innovadoras para terrazas y espacios exteriores.","og_url":"https:\/\/www.paberaombra.com\/politica-de-cookies\/","og_site_name":"Pabera Ombra","article_publisher":"https:\/\/www.facebook.com\/paberaombra","article_modified_time":"2023-01-17T10:42:56+00:00","twitter_card":"summary_large_image","twitter_misc":{"Gesch\u00e4tzte Lesezeit":"2\u00a0Minuten"},"schema":{"@context":"https:\/\/schema.org","@graph":[{"@type":"WebPage","@id":"https:\/\/www.paberaombra.com\/politica-de-cookies\/","url":"https:\/\/www.paberaombra.com\/politica-de-cookies\/","name":"Pol\u00edtica de cookies - Pabera Ombra","isPartOf":{"@id":"https:\/\/www.paberaombra.com\/#website"},"datePublished":"2023-01-04T17:20:32+00:00","dateModified":"2023-01-17T10:42:56+00:00","description":"Pabera Ombra es una empresa dedicada a dise\u00f1ar y ejecutar soluciones innovadoras para terrazas y espacios exteriores.","breadcrumb":{"@id":"https:\/\/www.paberaombra.com\/politica-de-cookies\/#breadcrumb"},"inLanguage":"de","potentialAction":[{"@type":"ReadAction","target":["https:\/\/www.paberaombra.com\/politica-de-cookies\/"]}]},{"@type":"BreadcrumbList","@id":"https:\/\/www.paberaombra.com\/politica-de-cookies\/#breadcrumb","itemListElement":[{"@type":"ListItem","position":1,"name":"Home","item":"https:\/\/www.paberaombra.com\/"},{"@type":"ListItem","position":2,"name":"Pol\u00edtica de cookies"}]},{"@type":"WebSite","@id":"https:\/\/www.paberaombra.com\/#website","url":"https:\/\/www.paberaombra.com\/","name":"Pabera Ombra","description":"Outdoor Equipment Solutions","publisher":{"@id":"https:\/\/www.paberaombra.com\/#organization"},"potentialAction":[{"@type":"SearchAction","target":{"@type":"EntryPoint","urlTemplate":"https:\/\/www.paberaombra.com\/?s={search_term_string}"},"query-input":{"@type":"PropertyValueSpecification","valueRequired":true,"valueName":"search_term_string"}}],"inLanguage":"de"},{"@type":"Organization","@id":"https:\/\/www.paberaombra.com\/#organization","name":"Pabera Ombra","alternateName":"Pabera Ombra","url":"https:\/\/www.paberaombra.com\/","logo":{"@type":"ImageObject","inLanguage":"de","@id":"https:\/\/www.paberaombra.com\/#\/schema\/logo\/image\/","url":"https:\/\/paberaombra.com\/wp-content\/uploads\/2022\/12\/LOGO-PABERA-OMBRA_NEGRO-HORIZONTAL-SIN-FONDO.png","contentUrl":"https:\/\/paberaombra.com\/wp-content\/uploads\/2022\/12\/LOGO-PABERA-OMBRA_NEGRO-HORIZONTAL-SIN-FONDO.png","width":4594,"height":1095,"caption":"Pabera Ombra"},"image":{"@id":"https:\/\/www.paberaombra.com\/#\/schema\/logo\/image\/"},"sameAs":["https:\/\/www.facebook.com\/paberaombra","https:\/\/www.instagram.com\/paberaombra\/"]}]}},"_links":{"self":[{"href":"https:\/\/paberaombra.com\/de\/wp-json\/wp\/v2\/pages\/678","targetHints":{"allow":["GET"]}}],"collection":[{"href":"https:\/\/paberaombra.com\/de\/wp-json\/wp\/v2\/pages"}],"about":[{"href":"https:\/\/paberaombra.com\/de\/wp-json\/wp\/v2\/types\/page"}],"author":[{"embeddable":true,"href":"https:\/\/paberaombra.com\/de\/wp-json\/wp\/v2\/users\/3"}],"replies":[{"embeddable":true,"href":"https:\/\/paberaombra.com\/de\/wp-json\/wp\/v2\/comments?post=678"}],"version-history":[{"count":0,"href":"https:\/\/paberaombra.com\/de\/wp-json\/wp\/v2\/pages\/678\/revisions"}],"wp:attachment":[{"href":"https:\/\/paberaombra.com\/de\/wp-json\/wp\/v2\/media?parent=678"}],"curies":[{"name":"wp","href":"https:\/\/api.w.org\/{rel}","templated":true}]}}